{"id":28,"date":"2024-03-07T11:00:49","date_gmt":"2024-03-07T11:00:49","guid":{"rendered":"https:\/\/www.bakirsanbarbeku.com\/?page_id=28"},"modified":"2024-03-20T12:10:48","modified_gmt":"2024-03-20T12:10:48","slug":"hakkimizda","status":"publish","type":"page","link":"https:\/\/www.bakirsanbarbeku.com\/index.php\/hakkimizda\/","title":{"rendered":"Hakk\u0131m\u0131zda"},"content":{"rendered":"\t\t<div data-elementor-type=\"wp-page\" data-elementor-id=\"28\" class=\"elementor elementor-28\" data-elementor-post-type=\"page\">\n\t\t\t\t<div class=\"elementor-element elementor-element-7a87888 e-flex e-con-boxed e-con e-parent\" data-id=\"7a87888\" data-element_type=\"container\" data-e-type=\"container\" data-settings=\"{&quot;background_background&quot;:&quot;classic&quot;}\">\n\t\t\t\t\t<div class=\"e-con-inner\">\n\t\t\t\t<div class=\"elementor-element elementor-element-72804d8 elementor-widget elementor-widget-heading\" data-id=\"72804d8\" data-element_type=\"widget\" data-e-type=\"widget\" data-widget_type=\"heading.default\">\n\t\t\t\t<div class=\"elementor-widget-container\">\n\t\t\t\t\t<h2 class=\"elementor-heading-title elementor-size-default\">Hakk\u0131m\u0131zda<\/h2>\t\t\t\t<\/div>\n\t\t\t\t<\/div>\n\t\t\t\t\t<\/div>\n\t\t\t\t<\/div>\n\t\t<div class=\"elementor-element elementor-element-b812802 e-flex e-con-boxed e-con e-parent\" data-id=\"b812802\" data-element_type=\"container\" data-e-type=\"container\">\n\t\t\t\t\t<div class=\"e-con-inner\">\n\t\t<div class=\"elementor-element elementor-element-a917077 e-con-full e-flex e-con e-child\" data-id=\"a917077\" data-element_type=\"container\" data-e-type=\"container\">\n\t\t\t\t<div class=\"elementor-element elementor-element-bc09422 elementor-widget elementor-widget-image\" data-id=\"bc09422\" data-element_type=\"widget\" data-e-type=\"widget\" data-widget_type=\"image.default\">\n\t\t\t\t<div class=\"elementor-widget-container\">\n\t\t\t\t\t\t\t\t\t\t\t\t\t\t\t<img fetchpriority=\"high\" decoding=\"async\" width=\"1024\" height=\"576\" src=\"https:\/\/www.bakirsanbarbeku.com\/wp-content\/uploads\/2024\/03\/bina-son-1024x576.png\" class=\"attachment-large size-large wp-image-561\" alt=\"\" srcset=\"https:\/\/www.bakirsanbarbeku.com\/wp-content\/uploads\/2024\/03\/bina-son-1024x576.png 1024w, https:\/\/www.bakirsanbarbeku.com\/wp-content\/uploads\/2024\/03\/bina-son-300x169.png 300w, https:\/\/www.bakirsanbarbeku.com\/wp-content\/uploads\/2024\/03\/bina-son-768x432.png 768w, https:\/\/www.bakirsanbarbeku.com\/wp-content\/uploads\/2024\/03\/bina-son-1536x864.png 1536w, https:\/\/www.bakirsanbarbeku.com\/wp-content\/uploads\/2024\/03\/bina-son.png 1920w\" sizes=\"(max-width: 1024px) 100vw, 1024px\" \/>\t\t\t\t\t\t\t\t\t\t\t\t\t\t\t<\/div>\n\t\t\t\t<\/div>\n\t\t\t\t<\/div>\n\t\t<div class=\"elementor-element elementor-element-bdfd3b5 e-con-full e-flex e-con e-child\" data-id=\"bdfd3b5\" data-element_type=\"container\" data-e-type=\"container\">\n\t\t\t\t<div class=\"elementor-element elementor-element-75db1cb elementor-widget elementor-widget-heading\" data-id=\"75db1cb\" data-element_type=\"widget\" data-e-type=\"widget\" data-widget_type=\"heading.default\">\n\t\t\t\t<div class=\"elementor-widget-container\">\n\t\t\t\t\t<h2 class=\"elementor-heading-title elementor-size-default\">Hakk\u0131m\u0131zda<\/h2>\t\t\t\t<\/div>\n\t\t\t\t<\/div>\n\t\t\t\t<div class=\"elementor-element elementor-element-8230d8f elementor-widget elementor-widget-text-editor\" data-id=\"8230d8f\" data-element_type=\"widget\" data-e-type=\"widget\" data-widget_type=\"text-editor.default\">\n\t\t\t\t<div class=\"elementor-widget-container\">\n\t\t\t\t\t\t\t\t\t<p>BAKIRSAN OCAKBA\u015eI \u0130MALAT SANAY\u0130 T\u0130CARET L\u0130M\u0130TED \u015e\u0130RKET\u0130 olarak, 1997 y\u0131l\u0131ndan itibaren mangal ve oca\u011f\u0131n \u00fcretiminde, 1500 m\u00b2 kapal\u0131 ve 600 m\u00b2 a\u00e7\u0131k alanda, teknolojik makine parkurumuz ve uzman personelimizle do\u011faya ve canl\u0131ya sayg\u0131 prensibiyle \u00fcretim yapmaktay\u0131z.<\/p><p>Mangal k\u00fclt\u00fcr\u00fcm\u00fcz\u00fcn modern \u00fcr\u00fcn\u00fc olan mangall\u0131 masa sistemlerini sizlere sunman\u0131n ve keyifli anlar\u0131n\u0131z\u0131n bir par\u00e7as\u0131 olman\u0131n gururunu ya\u015famaktay\u0131z.<\/p><p>BAKIRSAN OCAKBA\u015eI olarak, projeden kurulum a\u015famas\u0131na kadar, gerek yurt i\u00e7inde gerekse yurt d\u0131\u015f\u0131nda, t\u00fcm d\u00fcnyada hizmet\u00a0sa\u011flamaktay\u0131z.<\/p>\t\t\t\t\t\t\t\t<\/div>\n\t\t\t\t<\/div>\n\t\t\t\t<\/div>\n\t\t\t\t\t<\/div>\n\t\t\t\t<\/div>\n\t\t<div class=\"elementor-element elementor-element-6e4d517 e-flex e-con-boxed e-con e-parent\" data-id=\"6e4d517\" data-element_type=\"container\" data-e-type=\"container\" data-settings=\"{&quot;background_background&quot;:&quot;classic&quot;}\">\n\t\t\t\t\t<div class=\"e-con-inner\">\n\t\t<div class=\"elementor-element elementor-element-53a56cd e-con-full e-flex e-con e-child\" data-id=\"53a56cd\" data-element_type=\"container\" data-e-type=\"container\">\n\t\t\t\t<div class=\"elementor-element elementor-element-4c6a6d5 elementor-widget elementor-widget-counter\" data-id=\"4c6a6d5\" data-element_type=\"widget\" data-e-type=\"widget\" data-widget_type=\"counter.default\">\n\t\t\t\t<div class=\"elementor-widget-container\">\n\t\t\t\t\t\t\t<div class=\"elementor-counter\">\n\t\t\t<div class=\"elementor-counter-title\">Senelik Tecr\u00fcbe<\/div>\t\t\t<div class=\"elementor-counter-number-wrapper\">\n\t\t\t\t<span class=\"elementor-counter-number-prefix\"><\/span>\n\t\t\t\t<span class=\"elementor-counter-number\" data-duration=\"2000\" data-to-value=\"27\" data-from-value=\"0\" data-delimiter=\",\">0<\/span>\n\t\t\t\t<span class=\"elementor-counter-number-suffix\">+<\/span>\n\t\t\t<\/div>\n\t\t<\/div>\n\t\t\t\t\t\t<\/div>\n\t\t\t\t<\/div>\n\t\t\t\t<\/div>\n\t\t<div class=\"elementor-element elementor-element-5efdbcc e-con-full e-flex e-con e-child\" data-id=\"5efdbcc\" data-element_type=\"container\" data-e-type=\"container\">\n\t\t\t\t<div class=\"elementor-element elementor-element-e567749 elementor-widget elementor-widget-counter\" data-id=\"e567749\" data-element_type=\"widget\" data-e-type=\"widget\" data-widget_type=\"counter.default\">\n\t\t\t\t<div class=\"elementor-widget-container\">\n\t\t\t\t\t\t\t<div class=\"elementor-counter\">\n\t\t\t<div class=\"elementor-counter-title\">\u00c7e\u015fit Kategori<\/div>\t\t\t<div class=\"elementor-counter-number-wrapper\">\n\t\t\t\t<span class=\"elementor-counter-number-prefix\"><\/span>\n\t\t\t\t<span class=\"elementor-counter-number\" data-duration=\"2000\" data-to-value=\"15\" data-from-value=\"0\" data-delimiter=\",\">0<\/span>\n\t\t\t\t<span class=\"elementor-counter-number-suffix\">+<\/span>\n\t\t\t<\/div>\n\t\t<\/div>\n\t\t\t\t\t\t<\/div>\n\t\t\t\t<\/div>\n\t\t\t\t<\/div>\n\t\t<div class=\"elementor-element elementor-element-afac74a e-con-full e-flex e-con e-child\" data-id=\"afac74a\" data-element_type=\"container\" data-e-type=\"container\">\n\t\t\t\t<div class=\"elementor-element elementor-element-4a46cc2 elementor-widget elementor-widget-counter\" data-id=\"4a46cc2\" data-element_type=\"widget\" data-e-type=\"widget\" data-widget_type=\"counter.default\">\n\t\t\t\t<div class=\"elementor-widget-container\">\n\t\t\t\t\t\t\t<div class=\"elementor-counter\">\n\t\t\t<div class=\"elementor-counter-title\">Mutlu M\u00fc\u015fteri<\/div>\t\t\t<div class=\"elementor-counter-number-wrapper\">\n\t\t\t\t<span class=\"elementor-counter-number-prefix\"><\/span>\n\t\t\t\t<span class=\"elementor-counter-number\" data-duration=\"2000\" data-to-value=\"1253\" data-from-value=\"0\" data-delimiter=\",\">0<\/span>\n\t\t\t\t<span class=\"elementor-counter-number-suffix\">+<\/span>\n\t\t\t<\/div>\n\t\t<\/div>\n\t\t\t\t\t\t<\/div>\n\t\t\t\t<\/div>\n\t\t\t\t<\/div>\n\t\t\t\t\t<\/div>\n\t\t\t\t<\/div>\n\t\t<div class=\"elementor-element elementor-element-0cd2c9f e-flex e-con-boxed e-con e-parent\" data-id=\"0cd2c9f\" data-element_type=\"container\" data-e-type=\"container\">\n\t\t\t\t\t<div class=\"e-con-inner\">\n\t\t<div class=\"elementor-element elementor-element-b98cf3f e-con-full e-flex e-con e-child\" data-id=\"b98cf3f\" data-element_type=\"container\" data-e-type=\"container\">\n\t\t\t\t<div class=\"elementor-element elementor-element-5265991 elementor-widget elementor-widget-heading\" data-id=\"5265991\" data-element_type=\"widget\" data-e-type=\"widget\" data-widget_type=\"heading.default\">\n\t\t\t\t<div class=\"elementor-widget-container\">\n\t\t\t\t\t<h2 class=\"elementor-heading-title elementor-size-default\">Misyonumuz<\/h2>\t\t\t\t<\/div>\n\t\t\t\t<\/div>\n\t\t\t\t<div class=\"elementor-element elementor-element-abbe584 elementor-widget elementor-widget-text-editor\" data-id=\"abbe584\" data-element_type=\"widget\" data-e-type=\"widget\" data-widget_type=\"text-editor.default\">\n\t\t\t\t<div class=\"elementor-widget-container\">\n\t\t\t\t\t\t\t\t\t<p>&#8211; H\u0131zl\u0131, g\u00fcvenilir ve g\u00fcncel, bilgi ve teknoloji destekli imalat sekt\u00f6r\u00fcn\u00fc t\u00fcm gereklerini; m\u00fc\u015fterilerimizin talebi, taahh\u00fcd\u00fcm\u00fcz ve kalite sistemimize uygun olarak yerine getirmek<br \/><br \/>&#8211; S\u00fcrekli de\u011fi\u015fim ve geli\u015fimi, ya\u015fam bi\u00e7imi haline getiren \u00e7al\u0131\u015fanlar\u0131m\u0131z\u0131n; sonuca y\u00f6nelik, proaktif ve kat\u0131l\u0131mc\u0131 faaliyetleri ile m\u00fc\u015fteri memnuniyeti ve sadakatini sa\u011flamak<br \/><br \/>&#8211; Rekabet g\u00fcc\u00fcm\u00fcz\u00fc pazarlarda s\u00fcrd\u00fcrmektir<\/p>\t\t\t\t\t\t\t\t<\/div>\n\t\t\t\t<\/div>\n\t\t\t\t<\/div>\n\t\t<div class=\"elementor-element elementor-element-ff4fa49 e-con-full e-flex e-con e-child\" data-id=\"ff4fa49\" data-element_type=\"container\" data-e-type=\"container\">\n\t\t\t\t<div class=\"elementor-element elementor-element-bad0009 elementor-widget elementor-widget-heading\" data-id=\"bad0009\" data-element_type=\"widget\" data-e-type=\"widget\" data-widget_type=\"heading.default\">\n\t\t\t\t<div class=\"elementor-widget-container\">\n\t\t\t\t\t<h2 class=\"elementor-heading-title elementor-size-default\">Vizyonumuz<\/h2>\t\t\t\t<\/div>\n\t\t\t\t<\/div>\n\t\t\t\t<div class=\"elementor-element elementor-element-63f1742 elementor-widget elementor-widget-text-editor\" data-id=\"63f1742\" data-element_type=\"widget\" data-e-type=\"widget\" data-widget_type=\"text-editor.default\">\n\t\t\t\t<div class=\"elementor-widget-container\">\n\t\t\t\t\t\t\t\t\t<p>&#8211; kendin pi\u015fir kendin ye mangal masa-ocakba\u015f\u0131 sekt\u00f6r\u00fcnde, m\u00fc\u015fteri memnuniyetini maksimum d\u00fczeyde tutmak<br \/><br \/>&#8211; B\u00fct\u00fcn d\u00fcnyada kabul g\u00f6ren kalite standartlar\u0131nda; \u00fcreten, \u00fclkemizin en g\u00fcvenilir, en rahat ve zaman y\u00f6netimine en \u00e7ok hassasiyet g\u00f6steren imalat \u015firketi olmakt\u0131r<\/p>\t\t\t\t\t\t\t\t<\/div>\n\t\t\t\t<\/div>\n\t\t\t\t<\/div>\n\t\t\t\t\t<\/div>\n\t\t\t\t<\/div>\n\t\t<div class=\"elementor-element elementor-element-7490e7e e-flex e-con-boxed e-con e-parent\" data-id=\"7490e7e\" data-element_type=\"container\" data-e-type=\"container\" data-settings=\"{&quot;background_background&quot;:&quot;classic&quot;}\">\n\t\t\t\t\t<div class=\"e-con-inner\">\n\t\t\t\t<div class=\"elementor-element elementor-element-933f545 elementor-widget elementor-widget-heading\" data-id=\"933f545\" data-element_type=\"widget\" data-e-type=\"widget\" data-widget_type=\"heading.default\">\n\t\t\t\t<div class=\"elementor-widget-container\">\n\t\t\t\t\t<h2 class=\"elementor-heading-title elementor-size-default\">Hedeflerimiz<\/h2>\t\t\t\t<\/div>\n\t\t\t\t<\/div>\n\t\t\t\t<div class=\"elementor-element elementor-element-7ba862f elementor-widget elementor-widget-text-editor\" data-id=\"7ba862f\" data-element_type=\"widget\" data-e-type=\"widget\" data-widget_type=\"text-editor.default\">\n\t\t\t\t<div class=\"elementor-widget-container\">\n\t\t\t\t\t\t\t\t\t<p>\u2013 Ko\u015fulsuz M\u00fc\u015fteri Memnuniyeti Sa\u011flamak<\/p><p>\u2013 \u00dcr\u00fcn \u00c7e\u015fitlili\u011fi ve kalitesini art\u0131rmak<\/p><p>\u2013 teknolojimizi s\u00fcrekli art\u0131rmak<\/p><p>-s\u00fcrekli yenilenen tasar\u0131mlar\u0131m\u0131zla M\u00fc\u015fterilermizin Be\u011fenisi Artt\u0131rmak<\/p><p>Kuruldu\u011fu g\u00fcnden itibaren s\u00fcrekli kendini geli\u015ftirme gayreti i\u00e7erisinde olan firmam\u0131z bug\u00fcne kadar sizlerin deste\u011fi bundan sonrada sizlerin memnuniyeti ile yoluna emin ad\u0131mlarla ilerlemektedir.<\/p>\t\t\t\t\t\t\t\t<\/div>\n\t\t\t\t<\/div>\n\t\t\t\t\t<\/div>\n\t\t\t\t<\/div>\n\t\t\t\t<\/div>\n\t\t","protected":false},"excerpt":{"rendered":"<p>Hakk\u0131m\u0131zda Hakk\u0131m\u0131zda BAKIRSAN OCAKBA\u015eI \u0130MALAT SANAY\u0130 T\u0130CARET L\u0130M\u0130TED \u015e\u0130RKET\u0130 olarak, 1997 y\u0131l\u0131ndan itibaren mangal ve oca\u011f\u0131n \u00fcretiminde, 1500 m\u00b2 kapal\u0131 ve 600 m\u00b2 a\u00e7\u0131k alanda, teknolojik makine parkurumuz ve uzman personelimizle do\u011faya ve canl\u0131ya sayg\u0131 prensibiyle \u00fcretim yapmaktay\u0131z. Mangal k\u00fclt\u00fcr\u00fcm\u00fcz\u00fcn modern \u00fcr\u00fcn\u00fc olan mangall\u0131 masa sistemlerini sizlere sunman\u0131n ve keyifli anlar\u0131n\u0131z\u0131n bir par\u00e7as\u0131 olman\u0131n gururunu&hellip;<\/p>\n","protected":false},"author":1,"featured_media":0,"parent":0,"menu_order":0,"comment_status":"closed","ping_status":"closed","template":"elementor_header_footer","meta":{"footnotes":""},"class_list":["post-28","page","type-page","status-publish","hentry"],"_links":{"self":[{"href":"https:\/\/www.bakirsanbarbeku.com\/index.php\/wp-json\/wp\/v2\/pages\/28","targetHints":{"allow":["GET"]}}],"collection":[{"href":"https:\/\/www.bakirsanbarbeku.com\/index.php\/wp-json\/wp\/v2\/pages"}],"about":[{"href":"https:\/\/www.bakirsanbarbeku.com\/index.php\/wp-json\/wp\/v2\/types\/page"}],"author":[{"embeddable":true,"href":"https:\/\/www.bakirsanbarbeku.com\/index.php\/wp-json\/wp\/v2\/users\/1"}],"replies":[{"embeddable":true,"href":"https:\/\/www.bakirsanbarbeku.com\/index.php\/wp-json\/wp\/v2\/comments?post=28"}],"version-history":[{"count":0,"href":"https:\/\/www.bakirsanbarbeku.com\/index.php\/wp-json\/wp\/v2\/pages\/28\/revisions"}],"wp:attachment":[{"href":"https:\/\/www.bakirsanbarbeku.com\/index.php\/wp-json\/wp\/v2\/media?parent=28"}],"curies":[{"name":"wp","href":"https:\/\/api.w.org\/{rel}","templated":true}]}}