{"id":470,"date":"2024-03-11T13:46:59","date_gmt":"2024-03-11T13:46:59","guid":{"rendered":"https:\/\/www.bakirsanbarbeku.com\/?page_id=470"},"modified":"2024-03-20T10:52:46","modified_gmt":"2024-03-20T10:52:46","slug":"bahce-mangal-masalari","status":"publish","type":"page","link":"https:\/\/www.bakirsanbarbeku.com\/index.php\/bahce-mangal-masalari\/","title":{"rendered":"Bah\u00e7e Mangal Masalar\u0131"},"content":{"rendered":"\t\t<div data-elementor-type=\"wp-page\" data-elementor-id=\"470\" class=\"elementor elementor-470\" data-elementor-post-type=\"page\">\n\t\t\t\t<div class=\"elementor-element elementor-element-e61d500 e-flex e-con-boxed e-con e-parent\" data-id=\"e61d500\" data-element_type=\"container\" data-e-type=\"container\" data-settings=\"{&quot;background_background&quot;:&quot;classic&quot;}\">\n\t\t\t\t\t<div class=\"e-con-inner\">\n\t\t\t\t<div class=\"elementor-element elementor-element-528757f elementor-widget elementor-widget-heading\" data-id=\"528757f\" data-element_type=\"widget\" data-e-type=\"widget\" data-widget_type=\"heading.default\">\n\t\t\t\t<div class=\"elementor-widget-container\">\n\t\t\t\t\t<h2 class=\"elementor-heading-title elementor-size-default\">Bah\u00e7e Mangal Masalar\u0131<\/h2>\t\t\t\t<\/div>\n\t\t\t\t<\/div>\n\t\t\t\t\t<\/div>\n\t\t\t\t<\/div>\n\t\t<div class=\"elementor-element elementor-element-9b7718c e-flex e-con-boxed e-con e-parent\" data-id=\"9b7718c\" data-element_type=\"container\" data-e-type=\"container\">\n\t\t\t\t\t<div class=\"e-con-inner\">\n\t\t\t\t<div class=\"elementor-element elementor-element-e548ea8 elementor-widget elementor-widget-the7_elements\" data-id=\"e548ea8\" data-element_type=\"widget\" data-e-type=\"widget\" data-widget_type=\"the7_elements.default\">\n\t\t\t\t<div class=\"elementor-widget-container\">\n\t\t\t\t\t<div class=\"portfolio-shortcode the7-elementor-widget the7_elements-e548ea8 mode-masonry classic-layout-list description-under-image quick-scale-img content-bg-on resize-by-browser-width loading-effect-none jquery-filter\" data-padding=\"15px\" data-mobile-columns-num=\"1\" data-tablet-columns-num=\"2\" data-desktop-columns-num=\"3\" data-wide-desktop-columns-num=\"3\" data-post-limit=\"-1\" data-pagination-mode=\"none\" data-scroll-offset=\"\" aria-live=\"assertive\"><div class=\"iso-container dt-isotope custom-iso-columns\"><div class=\"visible wf-cell iso-item\" data-post-id=\"250\" data-date=\"2024-03-11T11:27:10+00:00\" data-name=\"BMA - PRO 180x130\"><article class=\"post visible post-250 dt_portfolio type-dt_portfolio status-publish has-post-thumbnail hentry dt_portfolio_category-bahce-mangal-masalari dt_portfolio_category-6 description-off\" data-name=\"BMA &#8211; PRO 180&#215;130\" data-date=\"2024-03-11T11:27:10+00:00\">\n\n\t<div class=\"post-thumbnail-wrap\">\n\t\t<div class=\"post-thumbnail\">\n\n\t\t\t<a class=\"post-thumbnail-rollover layzr-bg img-css-resize-wrapper\" aria-label=\"Post image\" href=\"https:\/\/www.bakirsanbarbeku.com\/index.php\/project\/bma-pro-180x130\/\"><img fetchpriority=\"high\" decoding=\"async\" width=\"1080\" height=\"1080\" src=\"data:image\/svg+xml,%3Csvg%20xmlns%3D&#039;http%3A%2F%2Fwww.w3.org%2F2000%2Fsvg&#039;%20viewBox%3D&#039;0%200%201080%201080&#039;%2F%3E\" class=\"attachment-full size-full preload-me aspect lazy lazy-load\" alt=\"\" sizes=\"(max-width: 1080px) 100vw, 1080px\" style=\"--ratio: 1080 \/ 1080;\" data-src=\"https:\/\/www.bakirsanbarbeku.com\/wp-content\/uploads\/2024\/03\/BMA-PRO-180-x-130-Large.png\" loading=\"eager\" data-srcset=\"https:\/\/www.bakirsanbarbeku.com\/wp-content\/uploads\/2024\/03\/BMA-PRO-180-x-130-Large.png 1080w, https:\/\/www.bakirsanbarbeku.com\/wp-content\/uploads\/2024\/03\/BMA-PRO-180-x-130-Large-300x300.png 300w, https:\/\/www.bakirsanbarbeku.com\/wp-content\/uploads\/2024\/03\/BMA-PRO-180-x-130-Large-1024x1024.png 1024w, https:\/\/www.bakirsanbarbeku.com\/wp-content\/uploads\/2024\/03\/BMA-PRO-180-x-130-Large-150x150.png 150w, https:\/\/www.bakirsanbarbeku.com\/wp-content\/uploads\/2024\/03\/BMA-PRO-180-x-130-Large-768x768.png 768w, https:\/\/www.bakirsanbarbeku.com\/wp-content\/uploads\/2024\/03\/BMA-PRO-180-x-130-Large-650x650.png 650w\" \/><span class=\"the7-hover-icon\"><svg aria-hidden=\"true\" class=\"e-font-icon-svg e-fas-plus\" viewBox=\"0 0 448 512\" xmlns=\"http:\/\/www.w3.org\/2000\/svg\"><path d=\"M416 208H272V64c0-17.67-14.33-32-32-32h-32c-17.67 0-32 14.33-32 32v144H32c-17.67 0-32 14.33-32 32v32c0 17.67 14.33 32 32 32h144v144c0 17.67 14.33 32 32 32h32c17.67 0 32-14.33 32-32V304h144c17.67 0 32-14.33 32-32v-32c0-17.67-14.33-32-32-32z\"><\/path><\/svg><\/span><\/a>\n\t\t<\/div>\n\t<\/div>\n\n\n<div class=\"post-entry-content\">\n\n\t<h3 class=\"ele-entry-title\"><a href=\"https:\/\/www.bakirsanbarbeku.com\/index.php\/project\/bma-pro-180x130\/\" rel=\"bookmark\" title=\"BMA &#8211; PRO 180&#215;130\">BMA &#8211; PRO 180&#215;130<\/a><\/h3><div class=\"entry-meta\"><span class=\"meta-item category-link\"><a href=\"https:\/\/www.bakirsanbarbeku.com\/index.php\/project-category\/bahce-mangal-masalari\/\" rel=\"tag\">Bah\u00e7e Mangal Masalar\u0131<\/a><\/span><\/div><a href=\"https:\/\/www.bakirsanbarbeku.com\/index.php\/project\/bma-pro-180x130\/\" target=\"\" aria-label=\"Read more about BMA &#8211; PRO 180&#215;130\" class=\"box-button elementor-button elementor-size-xs\">\u0130ncele<\/a>\n<\/div><\/article><\/div><div class=\"visible wf-cell iso-item\" data-post-id=\"246\" data-date=\"2024-03-11T11:24:48+00:00\" data-name=\"BMA - PRO 130x130\"><article class=\"post visible post-246 dt_portfolio type-dt_portfolio status-publish has-post-thumbnail hentry dt_portfolio_category-bahce-mangal-masalari dt_portfolio_category-6 description-off\" data-name=\"BMA &#8211; PRO 130&#215;130\" data-date=\"2024-03-11T11:24:48+00:00\">\n\n\t<div class=\"post-thumbnail-wrap\">\n\t\t<div class=\"post-thumbnail\">\n\n\t\t\t<a class=\"post-thumbnail-rollover layzr-bg img-css-resize-wrapper\" aria-label=\"Post image\" href=\"https:\/\/www.bakirsanbarbeku.com\/index.php\/project\/bma-pro-130x130\/\"><img decoding=\"async\" width=\"1080\" height=\"1080\" src=\"data:image\/svg+xml,%3Csvg%20xmlns%3D&#039;http%3A%2F%2Fwww.w3.org%2F2000%2Fsvg&#039;%20viewBox%3D&#039;0%200%201080%201080&#039;%2F%3E\" class=\"attachment-full size-full preload-me aspect lazy lazy-load\" alt=\"\" sizes=\"(max-width: 1080px) 100vw, 1080px\" style=\"--ratio: 1080 \/ 1080;\" data-src=\"https:\/\/www.bakirsanbarbeku.com\/wp-content\/uploads\/2024\/03\/BMA-PRO-130-x-1301-Large.png\" loading=\"eager\" data-srcset=\"https:\/\/www.bakirsanbarbeku.com\/wp-content\/uploads\/2024\/03\/BMA-PRO-130-x-1301-Large.png 1080w, https:\/\/www.bakirsanbarbeku.com\/wp-content\/uploads\/2024\/03\/BMA-PRO-130-x-1301-Large-300x300.png 300w, https:\/\/www.bakirsanbarbeku.com\/wp-content\/uploads\/2024\/03\/BMA-PRO-130-x-1301-Large-1024x1024.png 1024w, https:\/\/www.bakirsanbarbeku.com\/wp-content\/uploads\/2024\/03\/BMA-PRO-130-x-1301-Large-150x150.png 150w, https:\/\/www.bakirsanbarbeku.com\/wp-content\/uploads\/2024\/03\/BMA-PRO-130-x-1301-Large-768x768.png 768w, https:\/\/www.bakirsanbarbeku.com\/wp-content\/uploads\/2024\/03\/BMA-PRO-130-x-1301-Large-650x650.png 650w\" \/><span class=\"the7-hover-icon\"><svg aria-hidden=\"true\" class=\"e-font-icon-svg e-fas-plus\" viewBox=\"0 0 448 512\" xmlns=\"http:\/\/www.w3.org\/2000\/svg\"><path d=\"M416 208H272V64c0-17.67-14.33-32-32-32h-32c-17.67 0-32 14.33-32 32v144H32c-17.67 0-32 14.33-32 32v32c0 17.67 14.33 32 32 32h144v144c0 17.67 14.33 32 32 32h32c17.67 0 32-14.33 32-32V304h144c17.67 0 32-14.33 32-32v-32c0-17.67-14.33-32-32-32z\"><\/path><\/svg><\/span><\/a>\n\t\t<\/div>\n\t<\/div>\n\n\n<div class=\"post-entry-content\">\n\n\t<h3 class=\"ele-entry-title\"><a href=\"https:\/\/www.bakirsanbarbeku.com\/index.php\/project\/bma-pro-130x130\/\" rel=\"bookmark\" title=\"BMA &#8211; PRO 130&#215;130\">BMA &#8211; PRO 130&#215;130<\/a><\/h3><div class=\"entry-meta\"><span class=\"meta-item category-link\"><a href=\"https:\/\/www.bakirsanbarbeku.com\/index.php\/project-category\/bahce-mangal-masalari\/\" rel=\"tag\">Bah\u00e7e Mangal Masalar\u0131<\/a><\/span><\/div><a href=\"https:\/\/www.bakirsanbarbeku.com\/index.php\/project\/bma-pro-130x130\/\" target=\"\" aria-label=\"Read more about BMA &#8211; PRO 130&#215;130\" class=\"box-button elementor-button elementor-size-xs\">\u0130ncele<\/a>\n<\/div><\/article><\/div><div class=\"visible wf-cell iso-item\" data-post-id=\"243\" data-date=\"2024-03-11T11:22:25+00:00\" data-name=\"BMA - 180x130\"><article class=\"post visible post-243 dt_portfolio type-dt_portfolio status-publish has-post-thumbnail hentry dt_portfolio_category-bahce-mangal-masalari dt_portfolio_category-6 description-off\" data-name=\"BMA &#8211; 180&#215;130\" data-date=\"2024-03-11T11:22:25+00:00\">\n\n\t<div class=\"post-thumbnail-wrap\">\n\t\t<div class=\"post-thumbnail\">\n\n\t\t\t<a class=\"post-thumbnail-rollover layzr-bg img-css-resize-wrapper\" aria-label=\"Post image\" href=\"https:\/\/www.bakirsanbarbeku.com\/index.php\/project\/bma-180x130\/\"><img decoding=\"async\" width=\"1080\" height=\"1080\" src=\"data:image\/svg+xml,%3Csvg%20xmlns%3D&#039;http%3A%2F%2Fwww.w3.org%2F2000%2Fsvg&#039;%20viewBox%3D&#039;0%200%201080%201080&#039;%2F%3E\" class=\"attachment-full size-full preload-me aspect lazy lazy-load\" alt=\"\" sizes=\"(max-width: 1080px) 100vw, 1080px\" style=\"--ratio: 1080 \/ 1080;\" data-src=\"https:\/\/www.bakirsanbarbeku.com\/wp-content\/uploads\/2024\/03\/BMA-180-x-130-Large.png\" loading=\"eager\" data-srcset=\"https:\/\/www.bakirsanbarbeku.com\/wp-content\/uploads\/2024\/03\/BMA-180-x-130-Large.png 1080w, https:\/\/www.bakirsanbarbeku.com\/wp-content\/uploads\/2024\/03\/BMA-180-x-130-Large-300x300.png 300w, https:\/\/www.bakirsanbarbeku.com\/wp-content\/uploads\/2024\/03\/BMA-180-x-130-Large-1024x1024.png 1024w, https:\/\/www.bakirsanbarbeku.com\/wp-content\/uploads\/2024\/03\/BMA-180-x-130-Large-150x150.png 150w, https:\/\/www.bakirsanbarbeku.com\/wp-content\/uploads\/2024\/03\/BMA-180-x-130-Large-768x768.png 768w, https:\/\/www.bakirsanbarbeku.com\/wp-content\/uploads\/2024\/03\/BMA-180-x-130-Large-650x650.png 650w\" \/><span class=\"the7-hover-icon\"><svg aria-hidden=\"true\" class=\"e-font-icon-svg e-fas-plus\" viewBox=\"0 0 448 512\" xmlns=\"http:\/\/www.w3.org\/2000\/svg\"><path d=\"M416 208H272V64c0-17.67-14.33-32-32-32h-32c-17.67 0-32 14.33-32 32v144H32c-17.67 0-32 14.33-32 32v32c0 17.67 14.33 32 32 32h144v144c0 17.67 14.33 32 32 32h32c17.67 0 32-14.33 32-32V304h144c17.67 0 32-14.33 32-32v-32c0-17.67-14.33-32-32-32z\"><\/path><\/svg><\/span><\/a>\n\t\t<\/div>\n\t<\/div>\n\n\n<div class=\"post-entry-content\">\n\n\t<h3 class=\"ele-entry-title\"><a href=\"https:\/\/www.bakirsanbarbeku.com\/index.php\/project\/bma-180x130\/\" rel=\"bookmark\" title=\"BMA &#8211; 180&#215;130\">BMA &#8211; 180&#215;130<\/a><\/h3><div class=\"entry-meta\"><span class=\"meta-item category-link\"><a href=\"https:\/\/www.bakirsanbarbeku.com\/index.php\/project-category\/bahce-mangal-masalari\/\" rel=\"tag\">Bah\u00e7e Mangal Masalar\u0131<\/a><\/span><\/div><a href=\"https:\/\/www.bakirsanbarbeku.com\/index.php\/project\/bma-180x130\/\" target=\"\" aria-label=\"Read more about BMA &#8211; 180&#215;130\" class=\"box-button elementor-button elementor-size-xs\">\u0130ncele<\/a>\n<\/div><\/article><\/div><div class=\"visible wf-cell iso-item\" data-post-id=\"239\" data-date=\"2024-03-11T11:20:26+00:00\" data-name=\"BMA - 130x130\"><article class=\"post visible post-239 dt_portfolio type-dt_portfolio status-publish has-post-thumbnail hentry dt_portfolio_category-bahce-mangal-masalari dt_portfolio_category-6 description-off\" data-name=\"BMA &#8211; 130&#215;130\" data-date=\"2024-03-11T11:20:26+00:00\">\n\n\t<div class=\"post-thumbnail-wrap\">\n\t\t<div class=\"post-thumbnail\">\n\n\t\t\t<a class=\"post-thumbnail-rollover layzr-bg img-css-resize-wrapper\" aria-label=\"Post image\" href=\"https:\/\/www.bakirsanbarbeku.com\/index.php\/project\/bma-130x130\/\"><img decoding=\"async\" width=\"1080\" height=\"1080\" src=\"data:image\/svg+xml,%3Csvg%20xmlns%3D&#039;http%3A%2F%2Fwww.w3.org%2F2000%2Fsvg&#039;%20viewBox%3D&#039;0%200%201080%201080&#039;%2F%3E\" class=\"attachment-full size-full preload-me aspect lazy lazy-load\" alt=\"\" sizes=\"(max-width: 1080px) 100vw, 1080px\" style=\"--ratio: 1080 \/ 1080;\" data-src=\"https:\/\/www.bakirsanbarbeku.com\/wp-content\/uploads\/2024\/03\/BMA-130x1301-Large.png\" loading=\"eager\" data-srcset=\"https:\/\/www.bakirsanbarbeku.com\/wp-content\/uploads\/2024\/03\/BMA-130x1301-Large.png 1080w, https:\/\/www.bakirsanbarbeku.com\/wp-content\/uploads\/2024\/03\/BMA-130x1301-Large-300x300.png 300w, https:\/\/www.bakirsanbarbeku.com\/wp-content\/uploads\/2024\/03\/BMA-130x1301-Large-1024x1024.png 1024w, https:\/\/www.bakirsanbarbeku.com\/wp-content\/uploads\/2024\/03\/BMA-130x1301-Large-150x150.png 150w, https:\/\/www.bakirsanbarbeku.com\/wp-content\/uploads\/2024\/03\/BMA-130x1301-Large-768x768.png 768w, https:\/\/www.bakirsanbarbeku.com\/wp-content\/uploads\/2024\/03\/BMA-130x1301-Large-650x650.png 650w\" \/><span class=\"the7-hover-icon\"><svg aria-hidden=\"true\" class=\"e-font-icon-svg e-fas-plus\" viewBox=\"0 0 448 512\" xmlns=\"http:\/\/www.w3.org\/2000\/svg\"><path d=\"M416 208H272V64c0-17.67-14.33-32-32-32h-32c-17.67 0-32 14.33-32 32v144H32c-17.67 0-32 14.33-32 32v32c0 17.67 14.33 32 32 32h144v144c0 17.67 14.33 32 32 32h32c17.67 0 32-14.33 32-32V304h144c17.67 0 32-14.33 32-32v-32c0-17.67-14.33-32-32-32z\"><\/path><\/svg><\/span><\/a>\n\t\t<\/div>\n\t<\/div>\n\n\n<div class=\"post-entry-content\">\n\n\t<h3 class=\"ele-entry-title\"><a href=\"https:\/\/www.bakirsanbarbeku.com\/index.php\/project\/bma-130x130\/\" rel=\"bookmark\" title=\"BMA &#8211; 130&#215;130\">BMA &#8211; 130&#215;130<\/a><\/h3><div class=\"entry-meta\"><span class=\"meta-item category-link\"><a href=\"https:\/\/www.bakirsanbarbeku.com\/index.php\/project-category\/bahce-mangal-masalari\/\" rel=\"tag\">Bah\u00e7e Mangal Masalar\u0131<\/a><\/span><\/div><a href=\"https:\/\/www.bakirsanbarbeku.com\/index.php\/project\/bma-130x130\/\" target=\"\" aria-label=\"Read more about BMA &#8211; 130&#215;130\" class=\"box-button elementor-button elementor-size-xs\">\u0130ncele<\/a>\n<\/div><\/article><\/div><div class=\"visible wf-cell iso-item\" data-post-id=\"236\" data-date=\"2024-03-11T11:17:50+00:00\" data-name=\"BMA - 110x110 Pro\"><article class=\"post visible post-236 dt_portfolio type-dt_portfolio status-publish has-post-thumbnail hentry dt_portfolio_category-bahce-mangal-masalari dt_portfolio_category-6 description-off\" data-name=\"BMA &#8211; 110&#215;110 Pro\" data-date=\"2024-03-11T11:17:50+00:00\">\n\n\t<div class=\"post-thumbnail-wrap\">\n\t\t<div class=\"post-thumbnail\">\n\n\t\t\t<a class=\"post-thumbnail-rollover layzr-bg img-css-resize-wrapper\" aria-label=\"Post image\" href=\"https:\/\/www.bakirsanbarbeku.com\/index.php\/project\/bma-110x110-pro\/\"><img decoding=\"async\" width=\"1080\" height=\"1080\" src=\"data:image\/svg+xml,%3Csvg%20xmlns%3D&#039;http%3A%2F%2Fwww.w3.org%2F2000%2Fsvg&#039;%20viewBox%3D&#039;0%200%201080%201080&#039;%2F%3E\" class=\"attachment-full size-full preload-me aspect lazy lazy-load\" alt=\"\" sizes=\"(max-width: 1080px) 100vw, 1080px\" style=\"--ratio: 1080 \/ 1080;\" data-src=\"https:\/\/www.bakirsanbarbeku.com\/wp-content\/uploads\/2024\/03\/BMA-110x110-PRO-Large.png\" loading=\"eager\" data-srcset=\"https:\/\/www.bakirsanbarbeku.com\/wp-content\/uploads\/2024\/03\/BMA-110x110-PRO-Large.png 1080w, https:\/\/www.bakirsanbarbeku.com\/wp-content\/uploads\/2024\/03\/BMA-110x110-PRO-Large-300x300.png 300w, https:\/\/www.bakirsanbarbeku.com\/wp-content\/uploads\/2024\/03\/BMA-110x110-PRO-Large-1024x1024.png 1024w, https:\/\/www.bakirsanbarbeku.com\/wp-content\/uploads\/2024\/03\/BMA-110x110-PRO-Large-150x150.png 150w, https:\/\/www.bakirsanbarbeku.com\/wp-content\/uploads\/2024\/03\/BMA-110x110-PRO-Large-768x768.png 768w, https:\/\/www.bakirsanbarbeku.com\/wp-content\/uploads\/2024\/03\/BMA-110x110-PRO-Large-650x650.png 650w\" \/><span class=\"the7-hover-icon\"><svg aria-hidden=\"true\" class=\"e-font-icon-svg e-fas-plus\" viewBox=\"0 0 448 512\" xmlns=\"http:\/\/www.w3.org\/2000\/svg\"><path d=\"M416 208H272V64c0-17.67-14.33-32-32-32h-32c-17.67 0-32 14.33-32 32v144H32c-17.67 0-32 14.33-32 32v32c0 17.67 14.33 32 32 32h144v144c0 17.67 14.33 32 32 32h32c17.67 0 32-14.33 32-32V304h144c17.67 0 32-14.33 32-32v-32c0-17.67-14.33-32-32-32z\"><\/path><\/svg><\/span><\/a>\n\t\t<\/div>\n\t<\/div>\n\n\n<div class=\"post-entry-content\">\n\n\t<h3 class=\"ele-entry-title\"><a href=\"https:\/\/www.bakirsanbarbeku.com\/index.php\/project\/bma-110x110-pro\/\" rel=\"bookmark\" title=\"BMA &#8211; 110&#215;110 Pro\">BMA &#8211; 110&#215;110 Pro<\/a><\/h3><div class=\"entry-meta\"><span class=\"meta-item category-link\"><a href=\"https:\/\/www.bakirsanbarbeku.com\/index.php\/project-category\/bahce-mangal-masalari\/\" rel=\"tag\">Bah\u00e7e Mangal Masalar\u0131<\/a><\/span><\/div><a href=\"https:\/\/www.bakirsanbarbeku.com\/index.php\/project\/bma-110x110-pro\/\" target=\"\" aria-label=\"Read more about BMA &#8211; 110&#215;110 Pro\" class=\"box-button elementor-button elementor-size-xs\">\u0130ncele<\/a>\n<\/div><\/article><\/div><div class=\"visible wf-cell iso-item\" data-post-id=\"233\" data-date=\"2024-03-11T11:06:39+00:00\" data-name=\"BMA - 110x110\"><article class=\"post visible post-233 dt_portfolio type-dt_portfolio status-publish has-post-thumbnail hentry dt_portfolio_category-bahce-mangal-masalari dt_portfolio_category-6 description-off\" data-name=\"BMA &#8211; 110&#215;110\" data-date=\"2024-03-11T11:06:39+00:00\">\n\n\t<div class=\"post-thumbnail-wrap\">\n\t\t<div class=\"post-thumbnail\">\n\n\t\t\t<a class=\"post-thumbnail-rollover layzr-bg img-css-resize-wrapper\" aria-label=\"Post image\" href=\"https:\/\/www.bakirsanbarbeku.com\/index.php\/project\/bma-110x110\/\"><img decoding=\"async\" width=\"1080\" height=\"1080\" src=\"data:image\/svg+xml,%3Csvg%20xmlns%3D&#039;http%3A%2F%2Fwww.w3.org%2F2000%2Fsvg&#039;%20viewBox%3D&#039;0%200%201080%201080&#039;%2F%3E\" class=\"attachment-full size-full preload-me aspect lazy lazy-load\" alt=\"\" sizes=\"(max-width: 1080px) 100vw, 1080px\" style=\"--ratio: 1080 \/ 1080;\" data-src=\"https:\/\/www.bakirsanbarbeku.com\/wp-content\/uploads\/2024\/03\/BMA-110x110-Large.png\" loading=\"eager\" data-srcset=\"https:\/\/www.bakirsanbarbeku.com\/wp-content\/uploads\/2024\/03\/BMA-110x110-Large.png 1080w, https:\/\/www.bakirsanbarbeku.com\/wp-content\/uploads\/2024\/03\/BMA-110x110-Large-300x300.png 300w, https:\/\/www.bakirsanbarbeku.com\/wp-content\/uploads\/2024\/03\/BMA-110x110-Large-1024x1024.png 1024w, https:\/\/www.bakirsanbarbeku.com\/wp-content\/uploads\/2024\/03\/BMA-110x110-Large-150x150.png 150w, https:\/\/www.bakirsanbarbeku.com\/wp-content\/uploads\/2024\/03\/BMA-110x110-Large-768x768.png 768w, https:\/\/www.bakirsanbarbeku.com\/wp-content\/uploads\/2024\/03\/BMA-110x110-Large-650x650.png 650w\" \/><span class=\"the7-hover-icon\"><svg aria-hidden=\"true\" class=\"e-font-icon-svg e-fas-plus\" viewBox=\"0 0 448 512\" xmlns=\"http:\/\/www.w3.org\/2000\/svg\"><path d=\"M416 208H272V64c0-17.67-14.33-32-32-32h-32c-17.67 0-32 14.33-32 32v144H32c-17.67 0-32 14.33-32 32v32c0 17.67 14.33 32 32 32h144v144c0 17.67 14.33 32 32 32h32c17.67 0 32-14.33 32-32V304h144c17.67 0 32-14.33 32-32v-32c0-17.67-14.33-32-32-32z\"><\/path><\/svg><\/span><\/a>\n\t\t<\/div>\n\t<\/div>\n\n\n<div class=\"post-entry-content\">\n\n\t<h3 class=\"ele-entry-title\"><a href=\"https:\/\/www.bakirsanbarbeku.com\/index.php\/project\/bma-110x110\/\" rel=\"bookmark\" title=\"BMA &#8211; 110&#215;110\">BMA &#8211; 110&#215;110<\/a><\/h3><div class=\"entry-meta\"><span class=\"meta-item category-link\"><a href=\"https:\/\/www.bakirsanbarbeku.com\/index.php\/project-category\/bahce-mangal-masalari\/\" rel=\"tag\">Bah\u00e7e Mangal Masalar\u0131<\/a><\/span><\/div><a href=\"https:\/\/www.bakirsanbarbeku.com\/index.php\/project\/bma-110x110\/\" target=\"\" aria-label=\"Read more about BMA &#8211; 110&#215;110\" class=\"box-button elementor-button elementor-size-xs\">\u0130ncele<\/a>\n<\/div><\/article><\/div><div class=\"visible wf-cell iso-item\" data-post-id=\"230\" data-date=\"2024-03-11T11:01:20+00:00\" data-name=\"BMA - 008\"><article class=\"post visible post-230 dt_portfolio type-dt_portfolio status-publish has-post-thumbnail hentry dt_portfolio_category-bahce-mangal-masalari dt_portfolio_category-6 description-off\" data-name=\"BMA &#8211; 008\" data-date=\"2024-03-11T11:01:20+00:00\">\n\n\t<div class=\"post-thumbnail-wrap\">\n\t\t<div class=\"post-thumbnail\">\n\n\t\t\t<a class=\"post-thumbnail-rollover layzr-bg img-css-resize-wrapper\" aria-label=\"Post image\" href=\"https:\/\/www.bakirsanbarbeku.com\/index.php\/project\/bma-008\/\"><img decoding=\"async\" width=\"1080\" height=\"1080\" src=\"data:image\/svg+xml,%3Csvg%20xmlns%3D&#039;http%3A%2F%2Fwww.w3.org%2F2000%2Fsvg&#039;%20viewBox%3D&#039;0%200%201080%201080&#039;%2F%3E\" class=\"attachment-full size-full preload-me aspect lazy lazy-load\" alt=\"\" sizes=\"(max-width: 1080px) 100vw, 1080px\" style=\"--ratio: 1080 \/ 1080;\" data-src=\"https:\/\/www.bakirsanbarbeku.com\/wp-content\/uploads\/2024\/03\/BMA-008.png\" loading=\"eager\" data-srcset=\"https:\/\/www.bakirsanbarbeku.com\/wp-content\/uploads\/2024\/03\/BMA-008.png 1080w, https:\/\/www.bakirsanbarbeku.com\/wp-content\/uploads\/2024\/03\/BMA-008-300x300.png 300w, https:\/\/www.bakirsanbarbeku.com\/wp-content\/uploads\/2024\/03\/BMA-008-1024x1024.png 1024w, https:\/\/www.bakirsanbarbeku.com\/wp-content\/uploads\/2024\/03\/BMA-008-150x150.png 150w, https:\/\/www.bakirsanbarbeku.com\/wp-content\/uploads\/2024\/03\/BMA-008-768x768.png 768w, https:\/\/www.bakirsanbarbeku.com\/wp-content\/uploads\/2024\/03\/BMA-008-650x650.png 650w\" \/><span class=\"the7-hover-icon\"><svg aria-hidden=\"true\" class=\"e-font-icon-svg e-fas-plus\" viewBox=\"0 0 448 512\" xmlns=\"http:\/\/www.w3.org\/2000\/svg\"><path d=\"M416 208H272V64c0-17.67-14.33-32-32-32h-32c-17.67 0-32 14.33-32 32v144H32c-17.67 0-32 14.33-32 32v32c0 17.67 14.33 32 32 32h144v144c0 17.67 14.33 32 32 32h32c17.67 0 32-14.33 32-32V304h144c17.67 0 32-14.33 32-32v-32c0-17.67-14.33-32-32-32z\"><\/path><\/svg><\/span><\/a>\n\t\t<\/div>\n\t<\/div>\n\n\n<div class=\"post-entry-content\">\n\n\t<h3 class=\"ele-entry-title\"><a href=\"https:\/\/www.bakirsanbarbeku.com\/index.php\/project\/bma-008\/\" rel=\"bookmark\" title=\"BMA &#8211; 008\">BMA &#8211; 008<\/a><\/h3><div class=\"entry-meta\"><span class=\"meta-item category-link\"><a href=\"https:\/\/www.bakirsanbarbeku.com\/index.php\/project-category\/bahce-mangal-masalari\/\" rel=\"tag\">Bah\u00e7e Mangal Masalar\u0131<\/a><\/span><\/div><a href=\"https:\/\/www.bakirsanbarbeku.com\/index.php\/project\/bma-008\/\" target=\"\" aria-label=\"Read more about BMA &#8211; 008\" class=\"box-button elementor-button elementor-size-xs\">\u0130ncele<\/a>\n<\/div><\/article><\/div><div class=\"visible wf-cell iso-item\" data-post-id=\"227\" data-date=\"2024-03-11T10:59:08+00:00\" data-name=\"BMA - 006\"><article class=\"post visible post-227 dt_portfolio type-dt_portfolio status-publish has-post-thumbnail hentry dt_portfolio_category-bahce-mangal-masalari dt_portfolio_category-6 description-off\" data-name=\"BMA &#8211; 006\" data-date=\"2024-03-11T10:59:08+00:00\">\n\n\t<div class=\"post-thumbnail-wrap\">\n\t\t<div class=\"post-thumbnail\">\n\n\t\t\t<a class=\"post-thumbnail-rollover layzr-bg img-css-resize-wrapper\" aria-label=\"Post image\" href=\"https:\/\/www.bakirsanbarbeku.com\/index.php\/project\/bma-006\/\"><img decoding=\"async\" width=\"1080\" height=\"1080\" src=\"data:image\/svg+xml,%3Csvg%20xmlns%3D&#039;http%3A%2F%2Fwww.w3.org%2F2000%2Fsvg&#039;%20viewBox%3D&#039;0%200%201080%201080&#039;%2F%3E\" class=\"attachment-full size-full preload-me aspect lazy lazy-load\" alt=\"\" sizes=\"(max-width: 1080px) 100vw, 1080px\" style=\"--ratio: 1080 \/ 1080;\" data-src=\"https:\/\/www.bakirsanbarbeku.com\/wp-content\/uploads\/2024\/03\/BMA-006-Large.png\" loading=\"eager\" data-srcset=\"https:\/\/www.bakirsanbarbeku.com\/wp-content\/uploads\/2024\/03\/BMA-006-Large.png 1080w, https:\/\/www.bakirsanbarbeku.com\/wp-content\/uploads\/2024\/03\/BMA-006-Large-300x300.png 300w, https:\/\/www.bakirsanbarbeku.com\/wp-content\/uploads\/2024\/03\/BMA-006-Large-1024x1024.png 1024w, https:\/\/www.bakirsanbarbeku.com\/wp-content\/uploads\/2024\/03\/BMA-006-Large-150x150.png 150w, https:\/\/www.bakirsanbarbeku.com\/wp-content\/uploads\/2024\/03\/BMA-006-Large-768x768.png 768w, https:\/\/www.bakirsanbarbeku.com\/wp-content\/uploads\/2024\/03\/BMA-006-Large-650x650.png 650w\" \/><span class=\"the7-hover-icon\"><svg aria-hidden=\"true\" class=\"e-font-icon-svg e-fas-plus\" viewBox=\"0 0 448 512\" xmlns=\"http:\/\/www.w3.org\/2000\/svg\"><path d=\"M416 208H272V64c0-17.67-14.33-32-32-32h-32c-17.67 0-32 14.33-32 32v144H32c-17.67 0-32 14.33-32 32v32c0 17.67 14.33 32 32 32h144v144c0 17.67 14.33 32 32 32h32c17.67 0 32-14.33 32-32V304h144c17.67 0 32-14.33 32-32v-32c0-17.67-14.33-32-32-32z\"><\/path><\/svg><\/span><\/a>\n\t\t<\/div>\n\t<\/div>\n\n\n<div class=\"post-entry-content\">\n\n\t<h3 class=\"ele-entry-title\"><a href=\"https:\/\/www.bakirsanbarbeku.com\/index.php\/project\/bma-006\/\" rel=\"bookmark\" title=\"BMA &#8211; 006\">BMA &#8211; 006<\/a><\/h3><div class=\"entry-meta\"><span class=\"meta-item category-link\"><a href=\"https:\/\/www.bakirsanbarbeku.com\/index.php\/project-category\/bahce-mangal-masalari\/\" rel=\"tag\">Bah\u00e7e Mangal Masalar\u0131<\/a><\/span><\/div><a href=\"https:\/\/www.bakirsanbarbeku.com\/index.php\/project\/bma-006\/\" target=\"\" aria-label=\"Read more about BMA &#8211; 006\" class=\"box-button elementor-button elementor-size-xs\">\u0130ncele<\/a>\n<\/div><\/article><\/div><\/div><!-- iso-container|iso-grid --><\/div>\t\t\t\t<\/div>\n\t\t\t\t<\/div>\n\t\t\t\t\t<\/div>\n\t\t\t\t<\/div>\n\t\t\t\t<\/div>\n\t\t","protected":false},"excerpt":{"rendered":"<p>Bah\u00e7e Mangal Masalar\u0131 BMA &#8211; PRO 180&#215;130 Bah\u00e7e Mangal Masalar\u0131\u0130ncele BMA &#8211; PRO 130&#215;130 Bah\u00e7e Mangal Masalar\u0131\u0130ncele BMA &#8211; 180&#215;130 Bah\u00e7e Mangal Masalar\u0131\u0130ncele BMA &#8211; 130&#215;130 Bah\u00e7e Mangal Masalar\u0131\u0130ncele BMA &#8211; 110&#215;110 Pro Bah\u00e7e Mangal Masalar\u0131\u0130ncele BMA &#8211; 110&#215;110 Bah\u00e7e Mangal Masalar\u0131\u0130ncele BMA &#8211; 008 Bah\u00e7e Mangal Masalar\u0131\u0130ncele BMA &#8211; 006 Bah\u00e7e Mangal Masalar\u0131\u0130ncele<\/p>\n","protected":false},"author":1,"featured_media":0,"parent":0,"menu_order":0,"comment_status":"closed","ping_status":"closed","template":"elementor_header_footer","meta":{"footnotes":""},"class_list":["post-470","page","type-page","status-publish","hentry","dt_portfolio_category-6","description-off"],"_links":{"self":[{"href":"https:\/\/www.bakirsanbarbeku.com\/index.php\/wp-json\/wp\/v2\/pages\/470","targetHints":{"allow":["GET"]}}],"collection":[{"href":"https:\/\/www.bakirsanbarbeku.com\/index.php\/wp-json\/wp\/v2\/pages"}],"about":[{"href":"https:\/\/www.bakirsanbarbeku.com\/index.php\/wp-json\/wp\/v2\/types\/page"}],"author":[{"embeddable":true,"href":"https:\/\/www.bakirsanbarbeku.com\/index.php\/wp-json\/wp\/v2\/users\/1"}],"replies":[{"embeddable":true,"href":"https:\/\/www.bakirsanbarbeku.com\/index.php\/wp-json\/wp\/v2\/comments?post=470"}],"version-history":[{"count":0,"href":"https:\/\/www.bakirsanbarbeku.com\/index.php\/wp-json\/wp\/v2\/pages\/470\/revisions"}],"wp:attachment":[{"href":"https:\/\/www.bakirsanbarbeku.com\/index.php\/wp-json\/wp\/v2\/media?parent=470"}],"curies":[{"name":"wp","href":"https:\/\/api.w.org\/{rel}","templated":true}]}}