{"id":503,"date":"2024-03-11T14:20:56","date_gmt":"2024-03-11T14:20:56","guid":{"rendered":"https:\/\/www.bakirsanbarbeku.com\/?page_id=503"},"modified":"2024-03-20T10:58:48","modified_gmt":"2024-03-20T10:58:48","slug":"mangallar","status":"publish","type":"page","link":"https:\/\/www.bakirsanbarbeku.com\/index.php\/mangallar\/","title":{"rendered":"Mangallar"},"content":{"rendered":"\t\t<div data-elementor-type=\"wp-page\" data-elementor-id=\"503\" class=\"elementor elementor-503\" data-elementor-post-type=\"page\">\n\t\t\t\t<div class=\"elementor-element elementor-element-e61d500 e-flex e-con-boxed e-con e-parent\" data-id=\"e61d500\" data-element_type=\"container\" data-e-type=\"container\" data-settings=\"{&quot;background_background&quot;:&quot;classic&quot;}\">\n\t\t\t\t\t<div class=\"e-con-inner\">\n\t\t\t\t<div class=\"elementor-element elementor-element-528757f elementor-widget elementor-widget-heading\" data-id=\"528757f\" data-element_type=\"widget\" data-e-type=\"widget\" data-widget_type=\"heading.default\">\n\t\t\t\t<div class=\"elementor-widget-container\">\n\t\t\t\t\t<h2 class=\"elementor-heading-title elementor-size-default\">Mangallar<\/h2>\t\t\t\t<\/div>\n\t\t\t\t<\/div>\n\t\t\t\t\t<\/div>\n\t\t\t\t<\/div>\n\t\t<div class=\"elementor-element elementor-element-9b7718c e-flex e-con-boxed e-con e-parent\" data-id=\"9b7718c\" data-element_type=\"container\" data-e-type=\"container\">\n\t\t\t\t\t<div class=\"e-con-inner\">\n\t\t\t\t<div class=\"elementor-element elementor-element-e548ea8 preserve-img-ratio-cover elementor-widget elementor-widget-the7_elements\" data-id=\"e548ea8\" data-element_type=\"widget\" data-e-type=\"widget\" data-widget_type=\"the7_elements.default\">\n\t\t\t\t<div class=\"elementor-widget-container\">\n\t\t\t\t\t<div class=\"portfolio-shortcode the7-elementor-widget the7_elements-e548ea8 mode-grid dt-css-grid-wrap classic-layout-list description-under-image quick-scale-img content-bg-on resize-by-browser-width loading-effect-none jquery-filter\" data-padding=\"15px\" data-mobile-columns-num=\"1\" data-tablet-columns-num=\"2\" data-desktop-columns-num=\"3\" data-wide-desktop-columns-num=\"3\" data-post-limit=\"-1\" data-pagination-mode=\"none\" data-scroll-offset=\"\" aria-live=\"assertive\"><div class=\"dt-css-grid custom-pagination-handler\"><div class=\"visible wf-cell\" data-post-id=\"91\" data-date=\"2024-03-08T12:43:20+00:00\" data-name=\"Gazl\u0131 Masa Ortas\u0131 Mangallar\"><article class=\"post visible post-91 dt_portfolio type-dt_portfolio status-publish has-post-thumbnail hentry dt_portfolio_category-mangallar dt_portfolio_category-11 description-off\" data-name=\"Gazl\u0131 Masa Ortas\u0131 Mangallar\" data-date=\"2024-03-08T12:43:20+00:00\">\n\n\t<div class=\"post-thumbnail-wrap\">\n\t\t<div class=\"post-thumbnail\">\n\n\t\t\t<a class=\"post-thumbnail-rollover layzr-bg img-css-resize-wrapper\" aria-label=\"Post image\" href=\"https:\/\/www.bakirsanbarbeku.com\/index.php\/project\/gazli-masa-ortasi-mangallar\/\"><img fetchpriority=\"high\" decoding=\"async\" width=\"1280\" height=\"960\" src=\"data:image\/svg+xml,%3Csvg%20xmlns%3D&#039;http%3A%2F%2Fwww.w3.org%2F2000%2Fsvg&#039;%20viewBox%3D&#039;0%200%201280%20960&#039;%2F%3E\" class=\"attachment-full size-full preload-me aspect lazy lazy-load\" alt=\"\" sizes=\"(max-width: 1280px) 100vw, 1280px\" style=\"--ratio: 1280 \/ 960;\" data-src=\"https:\/\/www.bakirsanbarbeku.com\/wp-content\/uploads\/2024\/03\/gazlimasaortasimangallar-1.png\" loading=\"eager\" data-srcset=\"https:\/\/www.bakirsanbarbeku.com\/wp-content\/uploads\/2024\/03\/gazlimasaortasimangallar-1.png 1280w, https:\/\/www.bakirsanbarbeku.com\/wp-content\/uploads\/2024\/03\/gazlimasaortasimangallar-1-300x225.png 300w, https:\/\/www.bakirsanbarbeku.com\/wp-content\/uploads\/2024\/03\/gazlimasaortasimangallar-1-1024x768.png 1024w, https:\/\/www.bakirsanbarbeku.com\/wp-content\/uploads\/2024\/03\/gazlimasaortasimangallar-1-768x576.png 768w\" \/><span class=\"the7-hover-icon\"><svg aria-hidden=\"true\" class=\"e-font-icon-svg e-fas-plus\" viewBox=\"0 0 448 512\" xmlns=\"http:\/\/www.w3.org\/2000\/svg\"><path d=\"M416 208H272V64c0-17.67-14.33-32-32-32h-32c-17.67 0-32 14.33-32 32v144H32c-17.67 0-32 14.33-32 32v32c0 17.67 14.33 32 32 32h144v144c0 17.67 14.33 32 32 32h32c17.67 0 32-14.33 32-32V304h144c17.67 0 32-14.33 32-32v-32c0-17.67-14.33-32-32-32z\"><\/path><\/svg><\/span><\/a>\n\t\t<\/div>\n\t<\/div>\n\n\n<div class=\"post-entry-content\">\n\n\t<h3 class=\"ele-entry-title\"><a href=\"https:\/\/www.bakirsanbarbeku.com\/index.php\/project\/gazli-masa-ortasi-mangallar\/\" rel=\"bookmark\" title=\"Gazl\u0131 Masa Ortas\u0131 Mangallar\">Gazl\u0131 Masa Ortas\u0131 Mangallar<\/a><\/h3><div class=\"entry-meta\"><span class=\"meta-item category-link\"><a href=\"https:\/\/www.bakirsanbarbeku.com\/index.php\/project-category\/mangallar\/\" rel=\"tag\">Mangallar<\/a><\/span><\/div><a href=\"https:\/\/www.bakirsanbarbeku.com\/index.php\/project\/gazli-masa-ortasi-mangallar\/\" target=\"\" aria-label=\"Read more about Gazl\u0131 Masa Ortas\u0131 Mangallar\" class=\"box-button elementor-button elementor-size-xs\">\u0130ncele<\/a>\n<\/div><\/article><\/div><div class=\"visible wf-cell\" data-post-id=\"86\" data-date=\"2024-03-08T12:41:09+00:00\" data-name=\"Masa Ortas\u0131 Mangallar\"><article class=\"post visible post-86 dt_portfolio type-dt_portfolio status-publish has-post-thumbnail hentry dt_portfolio_category-mangallar dt_portfolio_category-11 description-off\" data-name=\"Masa Ortas\u0131 Mangallar\" data-date=\"2024-03-08T12:41:09+00:00\">\n\n\t<div class=\"post-thumbnail-wrap\">\n\t\t<div class=\"post-thumbnail\">\n\n\t\t\t<a class=\"post-thumbnail-rollover layzr-bg img-css-resize-wrapper\" aria-label=\"Post image\" href=\"https:\/\/www.bakirsanbarbeku.com\/index.php\/project\/masa-ortasi-mangallar\/\"><img decoding=\"async\" width=\"1600\" height=\"1968\" src=\"data:image\/svg+xml,%3Csvg%20xmlns%3D&#039;http%3A%2F%2Fwww.w3.org%2F2000%2Fsvg&#039;%20viewBox%3D&#039;0%200%201600%201968&#039;%2F%3E\" class=\"attachment-full size-full preload-me aspect lazy lazy-load\" alt=\"\" sizes=\"(max-width: 1600px) 100vw, 1600px\" style=\"--ratio: 1600 \/ 1968;\" data-src=\"https:\/\/www.bakirsanbarbeku.com\/wp-content\/uploads\/2024\/03\/masaortasimangallar-1.jpg\" loading=\"eager\" data-srcset=\"https:\/\/www.bakirsanbarbeku.com\/wp-content\/uploads\/2024\/03\/masaortasimangallar-1.jpg 1600w, https:\/\/www.bakirsanbarbeku.com\/wp-content\/uploads\/2024\/03\/masaortasimangallar-1-244x300.jpg 244w, https:\/\/www.bakirsanbarbeku.com\/wp-content\/uploads\/2024\/03\/masaortasimangallar-1-833x1024.jpg 833w, https:\/\/www.bakirsanbarbeku.com\/wp-content\/uploads\/2024\/03\/masaortasimangallar-1-768x945.jpg 768w, https:\/\/www.bakirsanbarbeku.com\/wp-content\/uploads\/2024\/03\/masaortasimangallar-1-1249x1536.jpg 1249w\" \/><span class=\"the7-hover-icon\"><svg aria-hidden=\"true\" class=\"e-font-icon-svg e-fas-plus\" viewBox=\"0 0 448 512\" xmlns=\"http:\/\/www.w3.org\/2000\/svg\"><path d=\"M416 208H272V64c0-17.67-14.33-32-32-32h-32c-17.67 0-32 14.33-32 32v144H32c-17.67 0-32 14.33-32 32v32c0 17.67 14.33 32 32 32h144v144c0 17.67 14.33 32 32 32h32c17.67 0 32-14.33 32-32V304h144c17.67 0 32-14.33 32-32v-32c0-17.67-14.33-32-32-32z\"><\/path><\/svg><\/span><\/a>\n\t\t<\/div>\n\t<\/div>\n\n\n<div class=\"post-entry-content\">\n\n\t<h3 class=\"ele-entry-title\"><a href=\"https:\/\/www.bakirsanbarbeku.com\/index.php\/project\/masa-ortasi-mangallar\/\" rel=\"bookmark\" title=\"Masa Ortas\u0131 Mangallar\">Masa Ortas\u0131 Mangallar<\/a><\/h3><div class=\"entry-meta\"><span class=\"meta-item category-link\"><a href=\"https:\/\/www.bakirsanbarbeku.com\/index.php\/project-category\/mangallar\/\" rel=\"tag\">Mangallar<\/a><\/span><\/div><a href=\"https:\/\/www.bakirsanbarbeku.com\/index.php\/project\/masa-ortasi-mangallar\/\" target=\"\" aria-label=\"Read more about Masa Ortas\u0131 Mangallar\" class=\"box-button elementor-button elementor-size-xs\">\u0130ncele<\/a>\n<\/div><\/article><\/div><div class=\"visible wf-cell\" data-post-id=\"77\" data-date=\"2024-03-08T12:37:39+00:00\" data-name=\"Bah\u00e7e Mangal (Masa Yan\u0131)\"><article class=\"post visible post-77 dt_portfolio type-dt_portfolio status-publish has-post-thumbnail hentry dt_portfolio_category-mangallar dt_portfolio_category-11 description-off\" data-name=\"Bah\u00e7e Mangal (Masa Yan\u0131)\" data-date=\"2024-03-08T12:37:39+00:00\">\n\n\t<div class=\"post-thumbnail-wrap\">\n\t\t<div class=\"post-thumbnail\">\n\n\t\t\t<a class=\"post-thumbnail-rollover layzr-bg img-css-resize-wrapper\" aria-label=\"Post image\" href=\"https:\/\/www.bakirsanbarbeku.com\/index.php\/project\/bahce-mangal-masa-yani\/\"><img decoding=\"async\" width=\"777\" height=\"1600\" src=\"data:image\/svg+xml,%3Csvg%20xmlns%3D&#039;http%3A%2F%2Fwww.w3.org%2F2000%2Fsvg&#039;%20viewBox%3D&#039;0%200%20777%201600&#039;%2F%3E\" class=\"attachment-full size-full preload-me aspect lazy lazy-load\" alt=\"\" sizes=\"(max-width: 777px) 100vw, 777px\" style=\"--ratio: 777 \/ 1600;\" data-src=\"https:\/\/www.bakirsanbarbeku.com\/wp-content\/uploads\/2024\/03\/bahcemangal-2.png\" loading=\"eager\" data-srcset=\"https:\/\/www.bakirsanbarbeku.com\/wp-content\/uploads\/2024\/03\/bahcemangal-2.png 777w, https:\/\/www.bakirsanbarbeku.com\/wp-content\/uploads\/2024\/03\/bahcemangal-2-146x300.png 146w, https:\/\/www.bakirsanbarbeku.com\/wp-content\/uploads\/2024\/03\/bahcemangal-2-497x1024.png 497w, https:\/\/www.bakirsanbarbeku.com\/wp-content\/uploads\/2024\/03\/bahcemangal-2-768x1581.png 768w, https:\/\/www.bakirsanbarbeku.com\/wp-content\/uploads\/2024\/03\/bahcemangal-2-746x1536.png 746w\" \/><span class=\"the7-hover-icon\"><svg aria-hidden=\"true\" class=\"e-font-icon-svg e-fas-plus\" viewBox=\"0 0 448 512\" xmlns=\"http:\/\/www.w3.org\/2000\/svg\"><path d=\"M416 208H272V64c0-17.67-14.33-32-32-32h-32c-17.67 0-32 14.33-32 32v144H32c-17.67 0-32 14.33-32 32v32c0 17.67 14.33 32 32 32h144v144c0 17.67 14.33 32 32 32h32c17.67 0 32-14.33 32-32V304h144c17.67 0 32-14.33 32-32v-32c0-17.67-14.33-32-32-32z\"><\/path><\/svg><\/span><\/a>\n\t\t<\/div>\n\t<\/div>\n\n\n<div class=\"post-entry-content\">\n\n\t<h3 class=\"ele-entry-title\"><a href=\"https:\/\/www.bakirsanbarbeku.com\/index.php\/project\/bahce-mangal-masa-yani\/\" rel=\"bookmark\" title=\"Bah\u00e7e Mangal (Masa Yan\u0131)\">Bah\u00e7e Mangal (Masa Yan\u0131)<\/a><\/h3><div class=\"entry-meta\"><span class=\"meta-item category-link\"><a href=\"https:\/\/www.bakirsanbarbeku.com\/index.php\/project-category\/mangallar\/\" rel=\"tag\">Mangallar<\/a><\/span><\/div><a href=\"https:\/\/www.bakirsanbarbeku.com\/index.php\/project\/bahce-mangal-masa-yani\/\" target=\"\" aria-label=\"Read more about Bah\u00e7e Mangal (Masa Yan\u0131)\" class=\"box-button elementor-button elementor-size-xs\">\u0130ncele<\/a>\n<\/div><\/article><\/div><\/div><!-- iso-container|iso-grid --><\/div>\t\t\t\t<\/div>\n\t\t\t\t<\/div>\n\t\t\t\t\t<\/div>\n\t\t\t\t<\/div>\n\t\t\t\t<\/div>\n\t\t","protected":false},"excerpt":{"rendered":"<p>Mangallar Gazl\u0131 Masa Ortas\u0131 Mangallar Mangallar\u0130ncele Masa Ortas\u0131 Mangallar Mangallar\u0130ncele Bah\u00e7e Mangal (Masa Yan\u0131) Mangallar\u0130ncele<\/p>\n","protected":false},"author":1,"featured_media":0,"parent":0,"menu_order":0,"comment_status":"closed","ping_status":"closed","template":"elementor_header_footer","meta":{"footnotes":""},"class_list":["post-503","page","type-page","status-publish","hentry","dt_portfolio_category-11","description-off"],"_links":{"self":[{"href":"https:\/\/www.bakirsanbarbeku.com\/index.php\/wp-json\/wp\/v2\/pages\/503","targetHints":{"allow":["GET"]}}],"collection":[{"href":"https:\/\/www.bakirsanbarbeku.com\/index.php\/wp-json\/wp\/v2\/pages"}],"about":[{"href":"https:\/\/www.bakirsanbarbeku.com\/index.php\/wp-json\/wp\/v2\/types\/page"}],"author":[{"embeddable":true,"href":"https:\/\/www.bakirsanbarbeku.com\/index.php\/wp-json\/wp\/v2\/users\/1"}],"replies":[{"embeddable":true,"href":"https:\/\/www.bakirsanbarbeku.com\/index.php\/wp-json\/wp\/v2\/comments?post=503"}],"version-history":[{"count":0,"href":"https:\/\/www.bakirsanbarbeku.com\/index.php\/wp-json\/wp\/v2\/pages\/503\/revisions"}],"wp:attachment":[{"href":"https:\/\/www.bakirsanbarbeku.com\/index.php\/wp-json\/wp\/v2\/media?parent=503"}],"curies":[{"name":"wp","href":"https:\/\/api.w.org\/{rel}","templated":true}]}}